{"id":462,"date":"2025-05-30T16:15:28","date_gmt":"2025-05-30T14:15:28","guid":{"rendered":"https:\/\/ludovitodor.sk\/462-2\/"},"modified":"2025-10-17T17:02:00","modified_gmt":"2025-10-17T15:02:00","slug":"462-2","status":"publish","type":"page","link":"https:\/\/ludovitodor.sk\/hu\/","title":{"rendered":""},"content":{"rendered":"<div class=\"block-post py-10 lg:py-12 px-4 xl:px-0 max-w-[1120px] mx-auto\">\n      <div class=\"flex flex-col sm:flex-row sm:justify-between gap-5 items-center mb-12\">\n                  <h3 class=\"text-center sm:text-start\">\n            H\u00edrek\n          <\/h3>\n        \n                  <div class=\"hidden sm:block\">\n            <a class=\"btn tertiary    transition-all duration-300\"\n       style=\"\"\n       href=\"https:\/\/ludovitodor.sk\/hu\/hirek\/\"\n                   \n            >\n                    \n            <span class=\"btn-text\">V\u0161etky \u010dl\u00e1nky<\/span>\n\n                                                <svg width=\"23\" height=\"24\" viewBox=\"0 0 23 24\" fill=\"none\" xmlns=\"http:\/\/www.w3.org\/2000\/svg\">\n    <path d=\"M8.07531 7.54057L12.3807 11.8554L8.07531 16.1701L9.40077 17.4956L15.041 11.8554L9.40077 6.21512L8.07531 7.54057Z\"\n          fill=\"currentColor\"\/>\n<\/svg>\n                                        <\/a>\n          <\/div>\n              <\/div>\n\n      <div class=\"grid grid-cols-12 gap-4\">\n                  <div\n            class=\"news-item flex flex-col transition-all duration-300 col-span-12 md:col-span-6 lg:col-span-4 \">\n              <div class=\"flex h-full flex-col hover:bg-lightBlue-100\">\n                                                <a href=\"https:\/\/ludovitodor.sk\/hu\/2025\/10\/12\/a-koltsegvetes-nem-nyerte-el-sem-a-szocialis-partnerek-sem-a-szakertok-tamogatasat-az-adossag-tovabb-no\/\">\n                                        <img decoding=\"async\" class=\"aspect-video w-full object-cover\"\n                         src=\"https:\/\/ludovitodor.sk\/wp-content\/uploads\/sites\/4\/2025\/10\/DD-TB-Odor-Kiss-1-scaled-e1760098133786.jpg-1024x575.webp\"\n                         alt=\"\"\/>\n                                      <\/a>\n                                            <div class=\"my-3 flex h-full flex-col pb-4 px-2\">\n                                                      <a href=\"https:\/\/ludovitodor.sk\/hu\/2025\/10\/12\/a-koltsegvetes-nem-nyerte-el-sem-a-szocialis-partnerek-sem-a-szakertok-tamogatasat-az-adossag-tovabb-no\/\">\n                                            <h4 class=\"flex-shrink-0 line-clamp-4 text-[21px]\">A k\u00f6lts\u00e9gvet\u00e9s nem nyerte el sem a szoci\u00e1lis partnerek, sem a szak\u00e9rt\u0151k t\u00e1mogat\u00e1s\u00e1t. Az ad\u00f3ss\u00e1g tov\u00e1bb n\u0151<\/h4>\n                                          <\/a>\n                                                <\/div>\n              <div class=\"flex justify-between items-center px-2 pb-2\">\n                                  <div class=\"flex gap-2 flex-wrap max-h-[32px] overflow-y-hidden\">\n                    <a class=\"w-auto h-8 px-2 py-1 bg-lightBlue-300 hover:bg-lightBlue-800 rounded-3xl justify-start items-start gap-2.5 inline-flex\"\n           href=\"https:\/\/ludovitodor.sk\/hu\/tag\/allamhaztartas\/\">\n            <div class=\"text-darkBlue-800 text-base font-normal leading-normal\">\n                \u00e1llamh\u00e1ztart\u00e1s\n            <\/div>\n        <\/a>\n                    <a class=\"w-auto h-8 px-2 py-1 bg-lightBlue-300 hover:bg-lightBlue-800 rounded-3xl justify-start items-start gap-2.5 inline-flex\"\n           href=\"https:\/\/ludovitodor.sk\/hu\/tag\/kozgazdasagtan\/\">\n            <div class=\"text-darkBlue-800 text-base font-normal leading-normal\">\n                K\u00f6zgazdas\u00e1gtan\n            <\/div>\n        <\/a>\n                      <\/div>\n                                    <p class=\"pr-2 text-darkBlue-600 text-base text-nowrap\">12. okt\u00f3ber<\/p>\n              <\/div>\n            <\/div>\n          <\/div>\n                  <div\n            class=\"news-item flex flex-col transition-all duration-300 col-span-12 md:col-span-6 lg:col-span-4 \">\n              <div class=\"flex h-full flex-col hover:bg-lightBlue-100\">\n                                                <a href=\"https:\/\/ludovitodor.sk\/hu\/2025\/09\/23\/kiralyhelmec-2025-oktober-2\/\">\n                                        <img decoding=\"async\" class=\"aspect-video w-full object-cover\"\n                         src=\"https:\/\/ludovitodor.sk\/wp-content\/uploads\/sites\/4\/2025\/09\/550520789_669968636148665_3704899833101331186_n-1024x576.jpg\"\n                         alt=\"\"\/>\n                                      <\/a>\n                                            <div class=\"my-3 flex h-full flex-col pb-4 px-2\">\n                                                      <a href=\"https:\/\/ludovitodor.sk\/hu\/2025\/09\/23\/kiralyhelmec-2025-oktober-2\/\">\n                                            <h4 class=\"flex-shrink-0 line-clamp-4 text-[21px]\">Kir\u00e1lyhelmec 2025. okt\u00f3ber 2.<\/h4>\n                                          <\/a>\n                                                <\/div>\n              <div class=\"flex justify-between items-center px-2 pb-2\">\n                                  <div class=\"flex gap-2 flex-wrap max-h-[32px] overflow-y-hidden\">\n                    <a class=\"w-auto h-8 px-2 py-1 bg-lightBlue-300 hover:bg-lightBlue-800 rounded-3xl justify-start items-start gap-2.5 inline-flex\"\n           href=\"https:\/\/ludovitodor.sk\/hu\/tag\/lajos-kocsmaja\/\">\n            <div class=\"text-darkBlue-800 text-base font-normal leading-normal\">\n                Lajos kocsm\u00e1ja\n            <\/div>\n        <\/a>\n                      <\/div>\n                                    <p class=\"pr-2 text-darkBlue-600 text-base text-nowrap\">23. szeptember<\/p>\n              <\/div>\n            <\/div>\n          <\/div>\n                  <div\n            class=\"news-item flex flex-col transition-all duration-300 col-span-12 md:col-span-6 lg:col-span-4 \">\n              <div class=\"flex h-full flex-col hover:bg-lightBlue-100\">\n                                                <a href=\"https:\/\/ludovitodor.sk\/hu\/2025\/09\/13\/kamenicky-miniszter-uj-konszolidacio-bevezetesevel-hozta-fico-szegenyseget\/\">\n                                        <img decoding=\"async\" class=\"aspect-video w-full object-cover\"\n                         src=\"https:\/\/ludovitodor.sk\/wp-content\/uploads\/sites\/4\/2025\/09\/DSC07097-scaled.jpg-1024x576.webp\"\n                         alt=\"\"\/>\n                                      <\/a>\n                                            <div class=\"my-3 flex h-full flex-col pb-4 px-2\">\n                                                      <a href=\"https:\/\/ludovitodor.sk\/hu\/2025\/09\/13\/kamenicky-miniszter-uj-konszolidacio-bevezetesevel-hozta-fico-szegenyseget\/\">\n                                            <h4 class=\"flex-shrink-0 line-clamp-4 text-[21px]\">Kamenick\u00fd miniszter \u00faj konszolid\u00e1ci\u00f3 bevezet\u00e9s\u00e9vel hozta Fico szeg\u00e9nys\u00e9g\u00e9t<\/h4>\n                                          <\/a>\n                                                <\/div>\n              <div class=\"flex justify-between items-center px-2 pb-2\">\n                                  <div class=\"flex gap-2 flex-wrap max-h-[32px] overflow-y-hidden\">\n                    <a class=\"w-auto h-8 px-2 py-1 bg-lightBlue-300 hover:bg-lightBlue-800 rounded-3xl justify-start items-start gap-2.5 inline-flex\"\n           href=\"https:\/\/ludovitodor.sk\/hu\/tag\/allamhaztartas\/\">\n            <div class=\"text-darkBlue-800 text-base font-normal leading-normal\">\n                \u00e1llamh\u00e1ztart\u00e1s\n            <\/div>\n        <\/a>\n                    <a class=\"w-auto h-8 px-2 py-1 bg-lightBlue-300 hover:bg-lightBlue-800 rounded-3xl justify-start items-start gap-2.5 inline-flex\"\n           href=\"https:\/\/ludovitodor.sk\/hu\/tag\/kamenicky\/\">\n            <div class=\"text-darkBlue-800 text-base font-normal leading-normal\">\n                kamenick\u00fd\n            <\/div>\n        <\/a>\n                    <a class=\"w-auto h-8 px-2 py-1 bg-lightBlue-300 hover:bg-lightBlue-800 rounded-3xl justify-start items-start gap-2.5 inline-flex\"\n           href=\"https:\/\/ludovitodor.sk\/hu\/tag\/konszolidacio\/\">\n            <div class=\"text-darkBlue-800 text-base font-normal leading-normal\">\n                konszolid\u00e1ci\u00f3\n            <\/div>\n        <\/a>\n                    <a class=\"w-auto h-8 px-2 py-1 bg-lightBlue-300 hover:bg-lightBlue-800 rounded-3xl justify-start items-start gap-2.5 inline-flex\"\n           href=\"https:\/\/ludovitodor.sk\/hu\/tag\/kozgazdasagtan\/\">\n            <div class=\"text-darkBlue-800 text-base font-normal leading-normal\">\n                K\u00f6zgazdas\u00e1gtan\n            <\/div>\n        <\/a>\n                      <\/div>\n                                    <p class=\"pr-2 text-darkBlue-600 text-base text-nowrap\">13. szeptember<\/p>\n              <\/div>\n            <\/div>\n          <\/div>\n                  <div\n            class=\"news-item flex flex-col transition-all duration-300 col-span-12 md:col-span-6 lg:col-span-4 \">\n              <div class=\"flex h-full flex-col hover:bg-lightBlue-100\">\n                                                <a href=\"https:\/\/ludovitodor.sk\/hu\/2025\/09\/04\/a-tresk-het-teruleten-hoz-uj-gazdasagi-modellt-amely-hosszu-tavon-javitja-az-eletszinvonalat-szlovakiaban\/\">\n                                        <img decoding=\"async\" class=\"aspect-video w-full object-cover\"\n                         src=\"https:\/\/ludovitodor.sk\/wp-content\/uploads\/sites\/4\/2025\/05\/DD-Tresk-briefing-3-scaled.jpg-1024x576.webp\"\n                         alt=\"\"\/>\n                                      <\/a>\n                                            <div class=\"my-3 flex h-full flex-col pb-4 px-2\">\n                                                      <a href=\"https:\/\/ludovitodor.sk\/hu\/2025\/09\/04\/a-tresk-het-teruleten-hoz-uj-gazdasagi-modellt-amely-hosszu-tavon-javitja-az-eletszinvonalat-szlovakiaban\/\">\n                                            <h4 class=\"flex-shrink-0 line-clamp-4 text-[21px]\">A TRESK h\u00e9t ter\u00fcleten hoz \u00faj gazdas\u00e1gi modellt, amely hossz\u00fa t\u00e1von jav\u00edtja az \u00e9letsz\u00ednvonalat Szlov\u00e1ki\u00e1ban.<\/h4>\n                                          <\/a>\n                                                <\/div>\n              <div class=\"flex justify-between items-center px-2 pb-2\">\n                                  <div class=\"flex gap-2 flex-wrap max-h-[32px] overflow-y-hidden\">\n                    <a class=\"w-auto h-8 px-2 py-1 bg-lightBlue-300 hover:bg-lightBlue-800 rounded-3xl justify-start items-start gap-2.5 inline-flex\"\n           href=\"https:\/\/ludovitodor.sk\/hu\/tag\/kozgazdasagtan\/\">\n            <div class=\"text-darkBlue-800 text-base font-normal leading-normal\">\n                K\u00f6zgazdas\u00e1gtan\n            <\/div>\n        <\/a>\n                      <\/div>\n                                    <p class=\"pr-2 text-darkBlue-600 text-base text-nowrap\">04. szeptember<\/p>\n              <\/div>\n            <\/div>\n          <\/div>\n              <\/div>\n\n              <div class=\"sm:hidden mt-8 flex justify-center\">\n          <a class=\"btn tertiary    transition-all duration-300\"\n       style=\"\"\n       href=\"https:\/\/ludovitodor.sk\/hu\/hirek\/\"\n                   \n            >\n                    \n            <span class=\"btn-text\">V\u0161etky \u010dl\u00e1nky<\/span>\n\n                                                <svg width=\"23\" height=\"24\" viewBox=\"0 0 23 24\" fill=\"none\" xmlns=\"http:\/\/www.w3.org\/2000\/svg\">\n    <path d=\"M8.07531 7.54057L12.3807 11.8554L8.07531 16.1701L9.40077 17.4956L15.041 11.8554L9.40077 6.21512L8.07531 7.54057Z\"\n          fill=\"currentColor\"\/>\n<\/svg>\n                                        <\/a>\n        <\/div>\n      \n    <\/div>\n\n  \n\n\n<div class=\"lg:my-10\">\n  <div class=\"max-w-[1120px] mx-auto grid grid-cols-12 items-center lg:gap-12 \">\n    \n              <div class=\"col-span-12 flex flex-col gap-6 py-10 px-4 sm:px-10                 sm:col-span-6 \">\n                      <h2>\n              R\u00f3lam  \n            <\/h2>\n          \n                      <div class=\"\">\n              Ludov\u00edt \u00d3dor vagyok. Engem \u00e9rdekel, hogy Szlov\u00e1kia milyen ir\u00e1nyt vesz a j\u00f6v\u0151ben. Ez\u00e9rt l\u00e9ptem be akt\u00edvan a politik\u00e1ba. Nem osztani, hanem sokszorozni akarok. Ez\u00e9rt v\u00e1lasztottam a Progressz\u00edv Szlov\u00e1ki\u00e1t. Egy er\u0151s mozgalomban, amely tiszt\u00e1ban van az \u00e9rt\u00e9keivel \u00e9s az orsz\u00e1g ir\u00e1ny\u00e1val, ami k\u00f6zel \u00e1ll a sz\u00edvemhez.     \r\n\r\nMinden t\u0151lem telhet\u0151t megteszek annak \u00e9rdek\u00e9ben, hogy a tisztess\u00e9g \u00e9s a szakmais\u00e1g \u00e9rv\u00e9nyes\u00fclj\u00f6n.\n            <\/div>\n          \n                      <div class=\"mt-6\">\n              <a href=\"https:\/\/ludovitodor.sk\/o-mne\/\" class=\"btn secondary !inline-flex\">\n                T\u00f6bb r\u00f3lam\n                <div>\n                  <svg width=\"23\" height=\"24\" viewBox=\"0 0 23 24\" fill=\"none\" xmlns=\"http:\/\/www.w3.org\/2000\/svg\">\n    <path d=\"M8.07531 7.54057L12.3807 11.8554L8.07531 16.1701L9.40077 17.4956L15.041 11.8554L9.40077 6.21512L8.07531 7.54057Z\"\n          fill=\"#000080\"\/>\n<\/svg>\n                <\/div>\n              <\/a>\n            <\/div>\n          \n        <\/div>\n      \n    \n              <div class=\"col-span-12 sm:col-span-6 order-2 md:order-none\">\n          <img decoding=\"async\" src=\"https:\/\/ludovitodor.sk\/wp-content\/uploads\/sites\/4\/2025\/09\/DSC03466-e1757753912488.jpg\" alt=\"\"\n               class=\"w-full h-auto object-cover aspect-square\">\n        <\/div>\n      \n      <\/div>\n<\/div>\n\n\n<div class=\"block-image-newsletter max-w-[1120px] mx-auto px-4 xl:px-0  py-14 lg:py-20\">\n    <div class=\"flex flex-col md:flex-row gap-6  md:gap-10  lg:gap-20 items-center\">\n        <div class=\"flex flex-col items-center gap-4 order-1 md:hidden\">\n                          <div class=\"bg-ps-eu-yellow rounded-tr-md rounded-bl-md p-2.5 uppercase text-center text-darkBlue-1000 text-xs font-bold \">\n              Newsletter\n          <\/div>\n                    <h2 class=\"text-center !text-[30px]\">\n            Iratkozzon fel most!\n          <\/h2>\n        <\/div>\n        <div class=\"order-2 md:order-1 max-w-[364px]\">\n                      <img decoding=\"async\" src=\"https:\/\/ludovitodor.sk\/wp-content\/uploads\/sites\/4\/2025\/09\/lea-grafika-na-ig-2025-09-23T142427.254-e1758659322734.png\" alt=\"Iratkozzon fel most!\" class=\"w-full\">\n                   <\/div>\n        <div class=\"order-3 flex flex-col gap-6  md:order-2 md:max-w-[500px]\">\n          <div class=\" flex-col items-center gap-4 hidden md:flex\">\n                              <div class=\"bg-ps-eu-yellow rounded-tr-md rounded-bl-md p-2.5 uppercase text-center text-darkBlue-1000 text-xs font-bold \">\n              Newsletter\n            <\/div>\n                        <h2 class=\"text-center !text-[30px] lg:!text-[36px]\">\n              Iratkozzon fel most!\n            <\/h2>\n          <\/div>\n\n          <div class=\"flex flex-col gap-8 \">\n              <p class=\"text-center text-darkBlue-600 text-lg\">\n              \u00d3dor Ludov\u00edt Felvont szem\u00f6ld\u00f6k c\u00edm\u0171 lapja k\u00e9thetente cs\u00fct\u00f6rt\u00f6k\u00f6nk\u00e9nt jelenik meg. V\u00e1rj\u00e1k a szerz\u0151 komment\u00e1rjait, kultur\u00e1lis tippeket \u00e9s gazdas\u00e1gi h\u00edreket. \u00c9s v\u00e9g\u00fcl egy \u00e9deskev\u00e9s &#8211; egy aforizma az aktu\u00e1lpolitik\u00e1r\u00f3l.    \n            <\/p>\n\n            <div>\n              <div class=\"qomon-form\" data-base_id=\"09405cb4-a15f-4c4d-a04b-29d1d3c79e36\"><\/div>\n            <\/div>\n          <\/div>\n        <\/div>\n\n\n    <\/div>\n\n<\/div>\n\n\n<div class=\"lg:my-10\">\n  <div class=\"max-w-[1120px] mx-auto grid grid-cols-12 items-center lg:gap-12 \">\n    \n              <div class=\"col-span-12 flex flex-col gap-6 py-10 px-4 sm:px-10                 sm:col-span-6 \">\n                      <h2>\n              Lajos kocsm\u00e1ya\n            <\/h2>\n          \n                      <div class=\"\">\n              Ha azt akarjuk, hogy itt m\u0171k\u00f6dj\u00f6n, nem szabad bez\u00e1rk\u00f3znunk a saj\u00e1t kis vil\u00e1gunkba. Besz\u00e9ln\u00fcnk kell azokkal, akik tal\u00e1n nem a PS-re szavaznak, de hozz\u00e1nk hasonl\u00f3an azt akarj\u00e1k, hogy Szlov\u00e1kia tov\u00e1bbra is egy\u00e9rtelm\u0171en lehorgonyzott maradjon. Menj\u00fcnk h\u00e1t a N\u00e9pszav\u00e1ba, \u00e9s besz\u00e9lgess\u00fcnk szemt\u0151l szembe a politik\u00e1r\u00f3l. V\u00e1rom a tal\u00e1lkoz\u00e1st!\ud83c\udf7b   \n            <\/div>\n          \n                      <div class=\"mt-6\">\n              <a href=\"https:\/\/ludovitodor.sk\/ludova-krcma\/\" class=\"btn secondary !inline-flex\">\n                Lajos kocsm\u00e1ya\n                <div>\n                  <svg width=\"23\" height=\"24\" viewBox=\"0 0 23 24\" fill=\"none\" xmlns=\"http:\/\/www.w3.org\/2000\/svg\">\n    <path d=\"M8.07531 7.54057L12.3807 11.8554L8.07531 16.1701L9.40077 17.4956L15.041 11.8554L9.40077 6.21512L8.07531 7.54057Z\"\n          fill=\"#000080\"\/>\n<\/svg>\n                <\/div>\n              <\/a>\n            <\/div>\n          \n        <\/div>\n      \n    \n              <div class=\"col-span-12 sm:col-span-6 order-2 md:order-none\">\n          <img decoding=\"async\" src=\"https:\/\/ludovitodor.sk\/wp-content\/uploads\/sites\/4\/2025\/09\/krcma-mapa-1-1024x790.png\" alt=\"\"\n               class=\"w-full h-auto object-cover aspect-square\">\n        <\/div>\n      \n      <\/div>\n<\/div>\n","protected":false},"excerpt":{"rendered":"","protected":false},"author":3,"featured_media":461,"parent":0,"menu_order":0,"comment_status":"closed","ping_status":"closed","template":"template-gutenberg.blade.php","meta":{"_acf_changed":false,"inline_featured_image":false,"footnotes":""},"class_list":["post-462","page","type-page","status-publish","has-post-thumbnail","hentry"],"acf":[],"_links":{"self":[{"href":"https:\/\/ludovitodor.sk\/hu\/wp-json\/wp\/v2\/pages\/462","targetHints":{"allow":["GET"]}}],"collection":[{"href":"https:\/\/ludovitodor.sk\/hu\/wp-json\/wp\/v2\/pages"}],"about":[{"href":"https:\/\/ludovitodor.sk\/hu\/wp-json\/wp\/v2\/types\/page"}],"author":[{"embeddable":true,"href":"https:\/\/ludovitodor.sk\/hu\/wp-json\/wp\/v2\/users\/3"}],"replies":[{"embeddable":true,"href":"https:\/\/ludovitodor.sk\/hu\/wp-json\/wp\/v2\/comments?post=462"}],"version-history":[{"count":17,"href":"https:\/\/ludovitodor.sk\/hu\/wp-json\/wp\/v2\/pages\/462\/revisions"}],"predecessor-version":[{"id":510,"href":"https:\/\/ludovitodor.sk\/hu\/wp-json\/wp\/v2\/pages\/462\/revisions\/510"}],"wp:featuredmedia":[{"embeddable":true,"href":"https:\/\/ludovitodor.sk\/hu\/wp-json\/wp\/v2\/media\/461"}],"wp:attachment":[{"href":"https:\/\/ludovitodor.sk\/hu\/wp-json\/wp\/v2\/media?parent=462"}],"curies":[{"name":"wp","href":"https:\/\/api.w.org\/{rel}","templated":true}]}}