{"id":457,"date":"2025-09-25T20:52:36","date_gmt":"2025-09-25T18:52:36","guid":{"rendered":"https:\/\/ludovitodor.sk\/rolam\/"},"modified":"2025-10-20T17:15:10","modified_gmt":"2025-10-20T15:15:10","slug":"rolam","status":"publish","type":"page","link":"https:\/\/ludovitodor.sk\/hu\/rolam\/","title":{"rendered":"R\u00f3lam"},"content":{"rendered":"<div class=\"lg:my-10\">\n  <div class=\"max-w-[1120px] mx-auto grid grid-cols-12 items-center lg:gap-12 \">\n    \n              <div class=\"col-span-12 flex flex-col gap-6 py-10 px-4 sm:px-10                 sm:col-span-6 \">\n          \n                      <div class=\"\">\n              Ludov\u00edt \u00d3dor vagyok. Tapasztalataimat kor\u00e1bbi minisztereln\u00f6kk\u00e9nt, a Nemzeti Bank aleln\u00f6kek\u00e9nt \u00e9s a P\u00e9nz\u00fcgyminiszt\u00e9rium vezet\u0151 k\u00f6zgazd\u00e1szak\u00e9nt aj\u00e1nlom fel.   \r\n\r\nA szak\u00e9rt\u0151i korm\u00e1ny v\u00e9ge ut\u00e1n nem akartam v\u00e9gign\u00e9zni, ahogy Fico keletre h\u00faz minket. \u00dagy d\u00f6nt\u00f6ttem, hogy \u00f6sszefogok a Progressz\u00edv Szlov\u00e1ki\u00e1val, \u00e9s 2024 m\u00e1jus\u00e1ban megv\u00e1lasztottak eur\u00f3pai parlamenti k\u00e9pvisel\u0151nek. \n            <\/div>\n          \n          \n        <\/div>\n      \n    \n              <div class=\"col-span-12 sm:col-span-6 order-2 md:order-none\">\n          <img decoding=\"async\" src=\"https:\/\/ludovitodor.sk\/wp-content\/uploads\/sites\/4\/2025\/09\/DSC03407.jpg\" alt=\"\"\n               class=\"w-full h-auto object-cover aspect-square\">\n        <\/div>\n      \n      <\/div>\n<\/div>\n<div class=\"lg:my-10\">\n  <div class=\"max-w-[1120px] mx-auto grid grid-cols-12 items-center lg:gap-12 \">\n    \n              <div class=\"col-span-12 sm:col-span-6 order-2 md:order-none\">\n          <img decoding=\"async\" src=\"https:\/\/ludovitodor.sk\/wp-content\/uploads\/sites\/4\/2025\/09\/DSC03466-e1757753912488.jpg\" alt=\"\"\n               class=\"w-full h-auto object-cover aspect-square\">\n        <\/div>\n      \n    \n              <div class=\"col-span-12 flex flex-col gap-6 py-10 px-4 sm:px-10                 sm:col-span-6 \">\n          \n                      <div class=\"\">\n              Az Eur\u00f3pai Parlamentben az a c\u00e9lom, hogy Szlov\u00e1ki\u00e1t Eur\u00f3p\u00e1ban tartsam, \u00e9s megakad\u00e1lyozzam, hogy a Fico-korm\u00e1ny egy orosz gubernium vagy egy ban\u00e1nk\u00f6zt\u00e1rsas\u00e1g fel\u00e9 sodorjon minket. \r\n\r\nA <strong>Gazdas\u00e1gi \u00e9s Monet\u00e1ris Bizotts\u00e1gban (ECON)<\/strong> \u00e9s a <strong>K\u00f6lts\u00e9gvet\u00e9si \u00dcgyek Albizotts\u00e1g\u00e1ban (FISC<\/strong>) dolgozom, ahol a k\u00f6zgazdas\u00e1gi tapasztalataimat kamatoztathatom.\n            <\/div>\n          \n          \n        <\/div>\n      \n      <\/div>\n<\/div>\n<div class=\"lg:my-10\">\n  <div class=\"max-w-[1120px] mx-auto grid grid-cols-12 items-center lg:gap-12 \">\n    \n              <div class=\"col-span-12 flex flex-col gap-6 py-10 px-4 sm:px-10                 sm:col-span-6 \">\n          \n                      <div class=\"\">\n              Seg\u00edtettem Szlov\u00e1ki\u00e1nak a kulcsfontoss\u00e1g\u00fa \u00e1llamh\u00e1ztart\u00e1si reformokban, mint p\u00e9ld\u00e1ul az eur\u00f3 bevezet\u00e9se, a nyugd\u00edjrendszer reformja, az &#8222;\u00c9rt\u00e9k a p\u00e9nz\u00e9rt&#8221; kezdem\u00e9nyez\u00e9s \u00e9s az ad\u00f3ss\u00e1gf\u00e9kr\u0151l sz\u00f3l\u00f3 t\u00f6rv\u00e9ny. Els\u0151 k\u00e9zb\u0151l l\u00e1ttam, hogyan lehet a dolgokat jobbra ford\u00edtani.   \r\n\r\nM\u00e9g ha ma rem\u00e9nytelennek is t\u0171nik, meg vagyok gy\u0151z\u0151dve arr\u00f3l, hogy a v\u00e1ltoz\u00e1s lehets\u00e9ges. Szlov\u00e1kia \u00fajra sikeres orsz\u00e1g lehet. Ez\u00e9rt vezettem be a gazdas\u00e1gi j\u00f6v\u0151k\u00e9pet, a TRESK!  \n            <\/div>\n          \n          \n        <\/div>\n      \n    \n              <div class=\"col-span-12 sm:col-span-6 order-2 md:order-none\">\n          <img decoding=\"async\" src=\"https:\/\/ludovitodor.sk\/wp-content\/uploads\/sites\/4\/2025\/09\/DD-Tresk-1-1024x558.jpg\" alt=\"\"\n               class=\"w-full h-auto object-cover aspect-square\">\n        <\/div>\n      \n      <\/div>\n<\/div>\n<div class=\"lg:my-10\">\n  <div class=\"max-w-[1120px] mx-auto grid grid-cols-12 items-center lg:gap-12 \">\n    \n              <div class=\"col-span-12 sm:col-span-6 order-2 md:order-none\">\n          <img decoding=\"async\" src=\"https:\/\/ludovitodor.sk\/wp-content\/uploads\/sites\/4\/2025\/09\/IMG_1846-1024x768.jpg\" alt=\"\"\n               class=\"w-full h-auto object-cover aspect-square\">\n        <\/div>\n      \n    \n              <div class=\"col-span-12 flex flex-col gap-6 py-10 px-4 sm:px-10                 sm:col-span-6 \">\n          \n                      <div class=\"\">\n              Menj\u00fcnk vissza az id\u0151ben. 1976. j\u00falius 2-\u00e1n sz\u00fclettem Kom\u00e1romban. Gyermekkoromat D\u00e9l-Szlov\u00e1ki\u00e1ban t\u00f6lt\u00f6ttem, otthon <strong>magyarul<\/strong> besz\u00e9lt\u00fcnk. Szlov\u00e1kul csak az egyetemen tanultam meg jobban, amikor a Comenius Egyetem matematika-fizika kar\u00e1n tanultam.    \n            <\/div>\n          \n          \n        <\/div>\n      \n      <\/div>\n<\/div>\n<div class=\"lg:my-10\">\n  <div class=\"max-w-[1120px] mx-auto grid grid-cols-12 items-center lg:gap-12 \">\n    \n              <div class=\"col-span-12 flex flex-col gap-6 py-10 px-4 sm:px-10                 sm:col-span-6 \">\n          \n                      <div class=\"\">\n              Szabadid\u0151mben a csal\u00e1domat, az \u00edr\u00e1st \u00e9s a sportot szeretem. Sz\u00e1mos hazai \u00e9s k\u00fclf\u00f6ldi szakmai publik\u00e1ci\u00f3, valamint az Egy gyorstalpal\u00f3 tanfolyam a zsenialit\u00e1sr\u00f3l c\u00edm\u0171 bestseller szerz\u0151je vagyok.   \r\n\r\nSzenved\u00e9lyem a triatlon, \u00e9s 2025 szeptember\u00e9ben teljes\u00edtettem els\u0151 Ironmanemet.. \n            <\/div>\n          \n          \n        <\/div>\n      \n    \n              <div class=\"col-span-12 sm:col-span-6 order-2 md:order-none\">\n          <img decoding=\"async\" src=\"https:\/\/ludovitodor.sk\/wp-content\/uploads\/sites\/4\/2025\/09\/Ironman-819x1024.jpg\" alt=\"\"\n               class=\"w-full h-auto object-cover aspect-square\">\n        <\/div>\n      \n      <\/div>\n<\/div>\n","protected":false},"excerpt":{"rendered":"","protected":false},"author":7,"featured_media":0,"parent":0,"menu_order":2,"comment_status":"closed","ping_status":"closed","template":"template-gutenberg.blade.php","meta":{"_acf_changed":false,"inline_featured_image":false,"footnotes":""},"class_list":["post-457","page","type-page","status-publish","hentry"],"acf":[],"_links":{"self":[{"href":"https:\/\/ludovitodor.sk\/hu\/wp-json\/wp\/v2\/pages\/457","targetHints":{"allow":["GET"]}}],"collection":[{"href":"https:\/\/ludovitodor.sk\/hu\/wp-json\/wp\/v2\/pages"}],"about":[{"href":"https:\/\/ludovitodor.sk\/hu\/wp-json\/wp\/v2\/types\/page"}],"author":[{"embeddable":true,"href":"https:\/\/ludovitodor.sk\/hu\/wp-json\/wp\/v2\/users\/7"}],"replies":[{"embeddable":true,"href":"https:\/\/ludovitodor.sk\/hu\/wp-json\/wp\/v2\/comments?post=457"}],"version-history":[{"count":33,"href":"https:\/\/ludovitodor.sk\/hu\/wp-json\/wp\/v2\/pages\/457\/revisions"}],"predecessor-version":[{"id":536,"href":"https:\/\/ludovitodor.sk\/hu\/wp-json\/wp\/v2\/pages\/457\/revisions\/536"}],"wp:attachment":[{"href":"https:\/\/ludovitodor.sk\/hu\/wp-json\/wp\/v2\/media?parent=457"}],"curies":[{"name":"wp","href":"https:\/\/api.w.org\/{rel}","templated":true}]}}