{"id":455,"date":"2025-09-23T22:45:57","date_gmt":"2025-09-23T20:45:57","guid":{"rendered":"https:\/\/ludovitodor.sk\/hol-talalkozhatsz-velem\/"},"modified":"2025-10-17T16:02:46","modified_gmt":"2025-10-17T14:02:46","slug":"hol-talalkozhatsz-velem","status":"publish","type":"page","link":"https:\/\/ludovitodor.sk\/hu\/hol-talalkozhatsz-velem\/","title":{"rendered":"Hol tal\u00e1lkozhatsz velem"},"content":{"rendered":"<div class=\"block-post py-10 lg:py-12 px-4 xl:px-0 max-w-[1120px] mx-auto\">\n      <div class=\"flex flex-col sm:flex-row sm:justify-between gap-5 items-center mb-12\">\n                  <h3 class=\"text-center sm:text-start\">\n            Lajos kocsm\u00e1ja Kir\u00e1lyhelmec 10. 2025\n          <\/h3>\n        \n                  <div class=\"hidden sm:block\">\n            <a class=\"btn tertiary    transition-all duration-300\"\n       style=\"\"\n       href=\"https:\/\/ludovitodor.sk\/hu\/hirek\/\"\n                   \n            >\n                    \n            <span class=\"btn-text\">V\u0161etky \u010dl\u00e1nky<\/span>\n\n                                                <svg width=\"23\" height=\"24\" viewBox=\"0 0 23 24\" fill=\"none\" xmlns=\"http:\/\/www.w3.org\/2000\/svg\">\n    <path d=\"M8.07531 7.54057L12.3807 11.8554L8.07531 16.1701L9.40077 17.4956L15.041 11.8554L9.40077 6.21512L8.07531 7.54057Z\"\n          fill=\"currentColor\"\/>\n<\/svg>\n                                        <\/a>\n          <\/div>\n              <\/div>\n\n      <div class=\"grid grid-cols-12 gap-4\">\n                  <div\n            class=\"news-item flex flex-col transition-all duration-300 col-span-12 md:col-span-6 lg:col-span-4 \">\n              <div class=\"flex h-full flex-col hover:bg-lightBlue-100\">\n                                                <a href=\"https:\/\/ludovitodor.sk\/hu\/2025\/09\/23\/kiralyhelmec-2025-oktober-2\/\">\n                                        <img decoding=\"async\" class=\"aspect-video w-full object-cover\"\n                         src=\"https:\/\/ludovitodor.sk\/wp-content\/uploads\/sites\/4\/2025\/09\/550520789_669968636148665_3704899833101331186_n-1024x576.jpg\"\n                         alt=\"\"\/>\n                                      <\/a>\n                                            <div class=\"my-3 flex h-full flex-col pb-4 px-2\">\n                                                      <a href=\"https:\/\/ludovitodor.sk\/hu\/2025\/09\/23\/kiralyhelmec-2025-oktober-2\/\">\n                                            <h4 class=\"flex-shrink-0 line-clamp-4 text-[21px]\">Kir\u00e1lyhelmec 2025. okt\u00f3ber 2.<\/h4>\n                                          <\/a>\n                                                <\/div>\n              <div class=\"flex justify-between items-center px-2 pb-2\">\n                                  <div class=\"flex gap-2 flex-wrap max-h-[32px] overflow-y-hidden\">\n                    <a class=\"w-auto h-8 px-2 py-1 bg-lightBlue-300 hover:bg-lightBlue-800 rounded-3xl justify-start items-start gap-2.5 inline-flex\"\n           href=\"https:\/\/ludovitodor.sk\/hu\/tag\/lajos-kocsmaja\/\">\n            <div class=\"text-darkBlue-800 text-base font-normal leading-normal\">\n                Lajos kocsm\u00e1ja\n            <\/div>\n        <\/a>\n                      <\/div>\n                                    <p class=\"pr-2 text-darkBlue-600 text-base text-nowrap\">23. szeptember<\/p>\n              <\/div>\n            <\/div>\n          <\/div>\n              <\/div>\n\n              <div class=\"sm:hidden mt-8 flex justify-center\">\n          <a class=\"btn tertiary    transition-all duration-300\"\n       style=\"\"\n       href=\"https:\/\/ludovitodor.sk\/hu\/hirek\/\"\n                   \n            >\n                    \n            <span class=\"btn-text\">V\u0161etky \u010dl\u00e1nky<\/span>\n\n                                                <svg width=\"23\" height=\"24\" viewBox=\"0 0 23 24\" fill=\"none\" xmlns=\"http:\/\/www.w3.org\/2000\/svg\">\n    <path d=\"M8.07531 7.54057L12.3807 11.8554L8.07531 16.1701L9.40077 17.4956L15.041 11.8554L9.40077 6.21512L8.07531 7.54057Z\"\n          fill=\"currentColor\"\/>\n<\/svg>\n                                        <\/a>\n        <\/div>\n      \n    <\/div>\n\n  \n","protected":false},"excerpt":{"rendered":"","protected":false},"author":7,"featured_media":0,"parent":0,"menu_order":0,"comment_status":"closed","ping_status":"closed","template":"template-gutenberg.blade.php","meta":{"_acf_changed":false,"inline_featured_image":false,"footnotes":""},"class_list":["post-455","page","type-page","status-publish","hentry"],"acf":[],"_links":{"self":[{"href":"https:\/\/ludovitodor.sk\/hu\/wp-json\/wp\/v2\/pages\/455","targetHints":{"allow":["GET"]}}],"collection":[{"href":"https:\/\/ludovitodor.sk\/hu\/wp-json\/wp\/v2\/pages"}],"about":[{"href":"https:\/\/ludovitodor.sk\/hu\/wp-json\/wp\/v2\/types\/page"}],"author":[{"embeddable":true,"href":"https:\/\/ludovitodor.sk\/hu\/wp-json\/wp\/v2\/users\/7"}],"replies":[{"embeddable":true,"href":"https:\/\/ludovitodor.sk\/hu\/wp-json\/wp\/v2\/comments?post=455"}],"version-history":[{"count":3,"href":"https:\/\/ludovitodor.sk\/hu\/wp-json\/wp\/v2\/pages\/455\/revisions"}],"predecessor-version":[{"id":479,"href":"https:\/\/ludovitodor.sk\/hu\/wp-json\/wp\/v2\/pages\/455\/revisions\/479"}],"wp:attachment":[{"href":"https:\/\/ludovitodor.sk\/hu\/wp-json\/wp\/v2\/media?parent=455"}],"curies":[{"name":"wp","href":"https:\/\/api.w.org\/{rel}","templated":true}]}}