{"id":434,"date":"2025-09-10T22:28:01","date_gmt":"2025-09-10T20:28:01","guid":{"rendered":"https:\/\/ludovitodor.sk\/kontakt\/"},"modified":"2025-10-17T16:00:34","modified_gmt":"2025-10-17T14:00:34","slug":"kontakt","status":"publish","type":"page","link":"https:\/\/ludovitodor.sk\/hu\/kontakt\/","title":{"rendered":"Kapcsolat"},"content":{"rendered":"\n<figure class=\"wp-block-pullquote\"><blockquote><p><strong>Levelez\u00e9si c\u00edm &#8211; Br\u00fcsszel<\/strong><br\/>MEP \u013dudov\u00edt \u00d3dor, European Parliament, ASP 8G130, Rue Wiertz 60, Bruxelles-1047, Belgique<br\/><br\/><strong>E-mail<\/strong><br\/>K\u00e9rd\u00e9seit, javaslatait vagy \u00fczeneteit a k\u00f6vetkez\u0151 c\u00edmre k\u00fcldheti el <em><strong>holocsi@ludovitodor.sk<\/strong><\/em><\/p><\/blockquote><\/figure>\n\n<p><\/p>\n\n<p><\/p>\n\n<p><\/p>\n","protected":false},"excerpt":{"rendered":"<p>Levelez\u00e9si c\u00edm &#8211; Br\u00fcsszelMEP \u013dudov\u00edt \u00d3dor, European Parliament, ASP 8G130, Rue Wiertz 60, Bruxelles-1047, Belgique E-mailK\u00e9rd\u00e9seit, javaslatait vagy \u00fczeneteit a k\u00f6vetkez\u0151 c\u00edmre k\u00fcldheti el holocsi@ludovitodor.sk<\/p>\n","protected":false},"author":7,"featured_media":0,"parent":0,"menu_order":0,"comment_status":"closed","ping_status":"closed","template":"template-gutenberg.blade.php","meta":{"_acf_changed":false,"inline_featured_image":false,"footnotes":""},"class_list":["post-434","page","type-page","status-publish","hentry"],"acf":[],"_links":{"self":[{"href":"https:\/\/ludovitodor.sk\/hu\/wp-json\/wp\/v2\/pages\/434","targetHints":{"allow":["GET"]}}],"collection":[{"href":"https:\/\/ludovitodor.sk\/hu\/wp-json\/wp\/v2\/pages"}],"about":[{"href":"https:\/\/ludovitodor.sk\/hu\/wp-json\/wp\/v2\/types\/page"}],"author":[{"embeddable":true,"href":"https:\/\/ludovitodor.sk\/hu\/wp-json\/wp\/v2\/users\/7"}],"replies":[{"embeddable":true,"href":"https:\/\/ludovitodor.sk\/hu\/wp-json\/wp\/v2\/comments?post=434"}],"version-history":[{"count":4,"href":"https:\/\/ludovitodor.sk\/hu\/wp-json\/wp\/v2\/pages\/434\/revisions"}],"predecessor-version":[{"id":475,"href":"https:\/\/ludovitodor.sk\/hu\/wp-json\/wp\/v2\/pages\/434\/revisions\/475"}],"wp:attachment":[{"href":"https:\/\/ludovitodor.sk\/hu\/wp-json\/wp\/v2\/media?parent=434"}],"curies":[{"name":"wp","href":"https:\/\/api.w.org\/{rel}","templated":true}]}}